{"id":2300,"date":"2021-11-28T13:34:44","date_gmt":"2021-11-28T13:34:44","guid":{"rendered":"https:\/\/www.elpedregoso.com\/contacto\/"},"modified":"2025-10-14T14:30:47","modified_gmt":"2025-10-14T14:30:47","slug":"contacto","status":"publish","type":"page","link":"https:\/\/www.elpedregoso.com\/es\/contacto\/","title":{"rendered":"Contacto"},"content":{"rendered":"<section class=\"l-section wpb_row height_large color_primary with_img\"><div class=\"l-section-img\" role=\"img\" aria-label=\"Imagen\" data-img-width=\"900\" data-img-height=\"600\" style=\"background-image: url(https:\/\/www.elpedregoso.com\/wp-content\/uploads\/2024\/09\/El-Pedregoso-Flights-Lodge-galeria-7.jpg);\"><\/div><div class=\"l-section-overlay\" style=\"background:rgba(0,0,0,0.45)\"><\/div><div class=\"l-section-h i-cf\"><div class=\"g-cols vc_row via_flex valign_middle type_default stacking_default\"><div class=\"vc_col-sm-12 wpb_column vc_column_container\"><div class=\"vc_column-inner\"><div class=\"wpb_wrapper\"><h1 class=\"w-text us_custom_eb849559\"><span class=\"w-text-h\"><span class=\"w-text-value\">Contacto<\/span><\/span><\/h1><\/div><\/div><\/div><\/div><\/div><\/section><section class=\"l-section wpb_row us_custom_9f6c7f09 height_auto\"><div class=\"l-section-h i-cf\"><div class=\"g-cols vc_row via_flex valign_top type_default stacking_default\"><div class=\"vc_col-sm-6 wpb_column vc_column_container  has_bg_color\"><div class=\"vc_column-inner us_custom_7b21bc10 us_animate_this\"><div class=\"wpb_wrapper\"><h3 class=\"w-text us_custom_6df4bc3a has_text_color\"><span class=\"w-text-h\"><span class=\"w-text-value\">Cont\u00e1ctanos<\/span><\/span><\/h3><form class=\"w-form  us-field-style_1 us_custom_d7e4004a has_text_color layout_ver show_message_after_sending for_cform us_form_1\" action=\"https:\/\/www.elpedregoso.com\/es\/wp-json\/wp\/v2\/pages\/2300\" method=\"post\" style=\"--fields-gap:1.9rem\"><div class=\"w-form-h\"><div class=\"w-form-row for_text\">\r\n\t\t<div class=\"w-form-row-field\">\r\n\t\t\t\t\t\t<input aria-label=\"Nombre\" type=\"text\" name=\"us_form_1_text_1\" value placeholder=\"Nombre\"\/>\r\n\t\t\t<\/div>\r\n\t\t<div class=\"w-form-row-state\">Rellena este campo<\/div>\r\n<\/div>\r\n<div class=\"w-form-row for_email\">\r\n\t\t<div class=\"w-form-row-field\">\r\n\t\t\t\t\t\t<input aria-label=\"Email\" type=\"email\" name=\"us_form_1_email_1\" value placeholder=\"Email\"\/>\r\n\t\t\t<\/div>\r\n\t\t<div class=\"w-form-row-state\">Por favor, introduce una direcci\u00f3n de correo electr\u00f3nico v\u00e1lida.<\/div>\r\n<\/div>\r\n<div class=\"w-form-row for_select\">\r\n\t\t<div class=\"w-form-row-field\">\r\n\t\t\t\t\t\t<select aria-label=\"us_form_1_select_1\" name=\"us_form_1_select_1\">\r\n\t\t\t<option value=\"El Pedregoso Flights &amp; Lodge\">El Pedregoso Flights &amp; Lodge<\/option><option value=\"El Pedregoso Casa Amarilla\">El Pedregoso Casa Amarilla<\/option><option value=\"El Pedregoso Caba\u00f1a del Lago\">El Pedregoso Caba\u00f1a del Lago<\/option><option value=\"Consulta general\">Consulta general<\/option>\t\t<\/select>\r\n\t\t\t<\/div>\r\n\t\t<div class=\"w-form-row-state\">Selecciona una opci\u00f3n<\/div>\r\n<\/div>\r\n<div class=\"w-form-row for_date cols_2\">\r\n\t\t<div class=\"w-form-row-field\">\r\n\t\t\t\t\t\t<input type=\"text\" name=\"us_form_1_date_1\" value inputmode=\"none\" data-date-format=\"aa-mm-dd\" aria-label=\"Fecha de check-in deseada.\" placeholder=\"Fecha de check-in deseada.\"\/>\r\n\t\t\t<\/div>\r\n\t\t<div class=\"w-form-row-state\">Rellena este campo<\/div>\r\n<\/div>\r\n<div class=\"w-form-row for_date cols_2\">\r\n\t\t<div class=\"w-form-row-field\">\r\n\t\t\t\t\t\t<input type=\"text\" name=\"us_form_1_date_2\" value inputmode=\"none\" data-date-format=\"aa-mm-dd\" aria-label=\"Fecha de check-out deseada.\" placeholder=\"Fecha de check-out deseada.\"\/>\r\n\t\t\t<\/div>\r\n\t\t<div class=\"w-form-row-state\">Rellena este campo<\/div>\r\n<\/div>\r\n<div class=\"w-form-row for_textarea\">\r\n\t\t<div class=\"w-form-row-field\">\r\n\t\t\t\t\t\t<textarea aria-label=\"Mensaje\" name=\"us_form_1_textarea_1\" placeholder=\"Mensaje\"><\/textarea>\r\n\t\t\t<\/div>\r\n\t\t<div class=\"w-form-row-state\">Rellena este campo<\/div>\r\n<\/div>\r\n<div class=\"w-form-row for_agreement required\">\r\n\t\t<div class=\"w-form-row-field\">\r\n\t\t\t\t<label>\r\n\t\t\t<input type=\"checkbox\" value=\"1\" data-required=\"true\" aria-required=\"true\" name=\"us_form_1_agreement_1\"\/>\r\n\t\t\t<span>Al marcar esta casilla, doy mi consentimiento para el uso de mi informaci\u00f3n con fines de marketing por correo electr\u00f3nico.<br><br><\/span>\r\n\t\t<\/label>\r\n\t\t\t<\/div>\r\n\t\t<div class=\"w-form-row-state\">Tienes que aprobar los t\u00e9rminos para continuar<\/div>\r\n<\/div>\r\n<input type=\"hidden\" name=\"action\" value=\"us_ajax_cform\" \/>\r\n<input type=\"hidden\" name=\"post_id\" value=\"0\" \/>\r\n<input type=\"hidden\" name=\"form_index\" value=\"1\" \/>\r\n<div class=\"w-form-row for_submit align_none\">\r\n\t<button class=\"w-btn  us-btn-style_36\" aria-label=\"ENVIAR\" type=\"submit\">\r\n\t\t<span class=\"g-preloader type_1\"><\/span>\r\n\t\t\t\t<span class=\"w-btn-label\">ENVIAR<\/span>\r\n\t\t\t<\/button>\r\n\t<\/div>\r\n<\/div><div class=\"w-form-message\"><\/div><div class=\"w-form-json hidden\" onclick='return {&quot;ajaxurl&quot;:&quot;https:\\\/\\\/www.elpedregoso.com\\\/wp-admin\\\/admin-ajax.php&quot;,&quot;messages&quot;:{&quot;err_empty&quot;:&quot;Rellena este campo&quot;,&quot;err_size&quot;:&quot;El tama\\u00f1o del archivo no puede exceder %s MB&quot;,&quot;err_extension&quot;:&quot;El tipo de archivo %s no est\\u00e1 permitido&quot;,&quot;err_recaptcha_keys&quot;:&quot;Las claves de reCAPTCHA son incorrectas&quot;}}'><\/div><\/form><\/div><\/div><\/div><div class=\"vc_col-sm-6 wpb_column vc_column_container\"><div class=\"vc_column-inner\"><div class=\"wpb_wrapper\"><div class=\"w-vwrapper us_custom_da3b7a42 us_animate_this align_none valign_top\" style=\"--vwrapper-gap:1rem\"><h3 class=\"w-text\"><span class=\"w-text-h\"><span class=\"w-text-value\">Cont\u00e1ctanos<\/span><\/span><\/h3><div class=\"w-iconbox iconpos_left style_default color_primary align_left no_text icontype_img\"><a target=\"_blank\" href=\"mailto:info@elpedregoso.com\" class=\"w-iconbox-link\" aria-label=\"info@elpedregoso.com\"><div class=\"w-iconbox-icon\" style=\"font-size:18px;\"><?xml version=\"1.0\" encoding=\"UTF-8\"?>\n<svg xmlns=\"http:\/\/www.w3.org\/2000\/svg\" version=\"1.1\" viewBox=\"0 0 16.6 14\">\n  <defs>\n    <style>\n      .cls-1 {\n        fill: #91d0de;\n      }\n    <\/style>\n  <\/defs>\n  <!-- Generator: Adobe Illustrator 28.6.0, SVG Export Plug-In . SVG Version: 1.2.0 Build 709)  -->\n  <g>\n    <g id=\"Capa_1\">\n      <g>\n        <path class=\"cls-1\" d=\"M16.6,2.9l-5.8,5.4c-1.4,1.2-3.5,1.2-4.9,0L0,2.9c0,.1,0,.2,0,.3v7.6c0,1.8,1.5,3.2,3.5,3.2h9.7c1.9,0,3.5-1.4,3.5-3.2V3.2c0-.1,0-.2,0-.3Z\"\/>\n        <path class=\"cls-1\" d=\"M9.8,7.4l6.3-5.8C15.5.6,14.3,0,13.1,0H3.5C2.3,0,1.1.6.5,1.5l6.3,5.8c.8.7,2.1.7,2.9,0Z\"\/>\n      <\/g>\n    <\/g>\n  <\/g>\n<\/svg><\/div><\/a><div class=\"w-iconbox-meta\"><p class=\"w-iconbox-title\"><a target=\"_blank\" href=\"mailto:info@elpedregoso.com\" class=\"w-iconbox-link\" aria-label=\"info@elpedregoso.com\">info@elpedregoso.com<\/a><\/p><\/div><\/div><div class=\"w-iconbox iconpos_left style_default color_primary align_left no_text icontype_img\"><a href=\"#\" class=\"w-iconbox-link\" aria-label=\"Ruta 255, Km 94. Cholila, CH. Patagonia Argentina\"><div class=\"w-iconbox-icon\" style=\"font-size:18px;\"><?xml version=\"1.0\" encoding=\"UTF-8\"?>\n<svg xmlns=\"http:\/\/www.w3.org\/2000\/svg\" version=\"1.1\" viewBox=\"0 0 15.4 15.4\">\n  <defs>\n    <style>\n      .cls-1 {\n        fill: #91d0de;\n      }\n    <\/style>\n  <\/defs>\n  <!-- Generator: Adobe Illustrator 28.6.0, SVG Export Plug-In . SVG Version: 1.2.0 Build 709)  -->\n  <g>\n    <g id=\"Capa_1\">\n      <path class=\"cls-1\" d=\"M10.8,1.3c-.8-.8-2-1.3-3.2-1.3s-2.3.5-3.2,1.3c-1.7,1.7-1.7,4.6,0,6.3l1.6,1.6c.4.4,1,.6,1.6.6s1.1-.2,1.6-.6l1.6-1.6c.8-.8,1.3-2,1.3-3.2s-.5-2.3-1.3-3.2h0ZM7.7,6.4c-1.1,0-1.9-.9-1.9-1.9s.9-1.9,1.9-1.9,1.9.9,1.9,1.9-.9,1.9-1.9,1.9ZM15.4,10.7c0,.2-.1.4-.3.6l-6.3,3.8c-.3.2-.7.3-1.1.3s-.7,0-1.1-.3L.3,11.3C.1,11.2,0,11,0,10.7c0-.2.1-.4.3-.5l3.1-1.8c0,0,.1.1.2.2l1.6,1.6c.7.6,1.5,1,2.5,1s1.8-.4,2.5-1l1.6-1.6c0,0,.1-.1.2-.2l3.1,1.8c.2.1.3.3.3.5h0Z\"\/>\n    <\/g>\n  <\/g>\n<\/svg><\/div><\/a><div class=\"w-iconbox-meta\"><p class=\"w-iconbox-title\"><a href=\"#\" class=\"w-iconbox-link\" aria-label=\"Ruta 255, Km 94. Cholila, CH. Patagonia Argentina\">Ruta 255, Km 94. Cholila, CH. Patagonia Argentina<\/a><\/p><\/div><\/div><div class=\"w-iconbox iconpos_left style_default color_primary align_left no_text icontype_img\"><a href=\"tel:5492945655513\" class=\"w-iconbox-link\" aria-label=\"+54 9 2945 655513\"><div class=\"w-iconbox-icon\" style=\"font-size:18px;\"><?xml version=\"1.0\" encoding=\"UTF-8\"?>\n<svg xmlns=\"http:\/\/www.w3.org\/2000\/svg\" version=\"1.1\" viewBox=\"0 0 14.3 14.3\">\n  <defs>\n    <style>\n      .cls-1 {\n        fill: #91d0de;\n      }\n    <\/style>\n  <\/defs>\n  <!-- Generator: Adobe Illustrator 28.6.0, SVG Export Plug-In . SVG Version: 1.2.0 Build 709)  -->\n  <g>\n    <g id=\"Capa_1\">\n      <path class=\"cls-1\" d=\"M14.3,1.8v1.8c0,1-.8,1.8-1.8,1.8h-1.6l-1.3,1c-.2.1-.3.2-.5.2s-.3,0-.4,0c-.3-.1-.4-.4-.4-.7V1.8c0-1,.8-1.8,1.8-1.8h2.4c.5,0,.9.2,1.3.5.3.3.5.8.5,1.3h0ZM12.3,8.9c-.7-.7-1.8-.7-2.6,0l-1.1,1c-1.9-.8-3.3-2.2-4.1-4.2l1-1.1c.3-.3.5-.8.5-1.3s-.2-.9-.5-1.3c0,0-1.1-1.4-1.1-1.5-.7-.7-1.9-.7-2.6,0l-.7.6C.4,1.8,0,2.7,0,3.7c0,4.6,6.1,10.6,10.6,10.6s1.9-.4,2.6-1.1l.5-.6c.7-.7.7-1.9,0-2.6,0,0-1.5-1.1-1.5-1.1h0Z\"\/>\n    <\/g>\n  <\/g>\n<\/svg><\/div><\/a><div class=\"w-iconbox-meta\"><p class=\"w-iconbox-title\"><a href=\"tel:5492945655513\" class=\"w-iconbox-link\" aria-label=\"+54 9 2945 655513\">+54 9 2945 655513<\/a><\/p><\/div><\/div><div class=\"w-separator size_small\"><\/div><h3 class=\"w-text\"><span class=\"w-text-h\"><span class=\"w-text-value\">S\u00edguenos<\/span><\/span><\/h3><div class=\"w-socials us_custom_29fa143d color_text shape_none\" style=\"--gap:4px;\"><div class=\"w-socials-list\"><div class=\"w-socials-item instagram\"><a target=\"_blank\" rel=\"nofollow\" href=\"https:\/\/www.instagram.com\/elpedregosocholila\/\" class=\"w-socials-item-link\" aria-label=\"Instagram\"><span class=\"w-socials-item-link-hover\"><\/span><i class=\"fab fa-instagram\"><\/i><\/a><div class=\"w-socials-item-popup\"><span>Instagram<\/span><\/div><\/div><div class=\"w-socials-item facebook\"><a target=\"_blank\" rel=\"nofollow\" href=\"https:\/\/www.facebook.com\/ElPedregosoCholila\" class=\"w-socials-item-link\" aria-label=\"Facebook\"><span class=\"w-socials-item-link-hover\"><\/span><i class=\"fab fa-facebook\"><\/i><\/a><div class=\"w-socials-item-popup\"><span>Facebook<\/span><\/div><\/div><\/div><\/div><\/div><\/div><\/div><\/div><\/div><\/div><\/section>\n","protected":false},"excerpt":{"rendered":"ContactoCont\u00e1ctanos Rellena este campo Por favor, introduce una direcci\u00f3n de correo electr\u00f3nico v\u00e1lida. El Pedregoso Flights &amp; LodgeEl Pedregoso Casa AmarillaEl Pedregoso Caba\u00f1a del LagoConsulta general Selecciona una opci\u00f3n Rellena este campo Rellena este campo Rellena este campo Al marcar esta casilla, doy mi consentimiento para el uso de mi informaci\u00f3n con fines de marketing...","protected":false},"author":1,"featured_media":0,"parent":0,"menu_order":0,"comment_status":"closed","ping_status":"closed","template":"","meta":{"footnotes":""},"class_list":["post-2300","page","type-page","status-publish","hentry"],"_links":{"self":[{"href":"https:\/\/www.elpedregoso.com\/es\/wp-json\/wp\/v2\/pages\/2300","targetHints":{"allow":["GET"]}}],"collection":[{"href":"https:\/\/www.elpedregoso.com\/es\/wp-json\/wp\/v2\/pages"}],"about":[{"href":"https:\/\/www.elpedregoso.com\/es\/wp-json\/wp\/v2\/types\/page"}],"author":[{"embeddable":true,"href":"https:\/\/www.elpedregoso.com\/es\/wp-json\/wp\/v2\/users\/1"}],"replies":[{"embeddable":true,"href":"https:\/\/www.elpedregoso.com\/es\/wp-json\/wp\/v2\/comments?post=2300"}],"version-history":[{"count":6,"href":"https:\/\/www.elpedregoso.com\/es\/wp-json\/wp\/v2\/pages\/2300\/revisions"}],"predecessor-version":[{"id":2657,"href":"https:\/\/www.elpedregoso.com\/es\/wp-json\/wp\/v2\/pages\/2300\/revisions\/2657"}],"wp:attachment":[{"href":"https:\/\/www.elpedregoso.com\/es\/wp-json\/wp\/v2\/media?parent=2300"}],"curies":[{"name":"wp","href":"https:\/\/api.w.org\/{rel}","templated":true}]}}