{"id":2371,"date":"2024-10-03T11:57:05","date_gmt":"2024-10-03T11:57:05","guid":{"rendered":"https:\/\/www.elpedregoso.com\/galeria-de-fotos\/"},"modified":"2025-02-07T14:14:45","modified_gmt":"2025-02-07T14:14:45","slug":"galeria-de-fotos","status":"publish","type":"page","link":"https:\/\/www.elpedregoso.com\/es\/galeria-de-fotos\/","title":{"rendered":"Galer\u00eda de Fotos<br>"},"content":{"rendered":"<section class=\"l-section wpb_row height_custom\"><div class=\"l-section-h i-cf\"><div class=\"g-cols vc_row via_flex valign_top type_default stacking_default\"><div class=\"vc_col-sm-12 wpb_column vc_column_container\"><div class=\"vc_column-inner\"><div class=\"wpb_wrapper\"><div class=\"w-separator us_custom_149f8bc0 us_animate_this size_medium\"><\/div><h1 class=\"w-text us_custom_3a518cd2\"><span class=\"w-text-h\"><span class=\"w-text-value\">Galer\u00eda de Fotos&lt;br&gt;<\/span><\/span><\/h1><div class=\"w-separator size_custom\" style=\"height:24px\"><\/div><div class=\"wpb_text_column us_custom_3ab28227 us_animate_this\"><div class=\"wpb_wrapper\"><p>Descubre los impresionantes paisajes, acogedoras instalaciones y experiencias inolvidables de <em>El Pedregoso<\/em> a trav\u00e9s de nuestra galer\u00eda de fotos. Cada imagen captura la esencia de la Patagonia, invit\u00e1ndote a sumergirte en la belleza natural y el encanto de nuestras hoster\u00edas.<\/p>\n<\/div><\/div><div class=\"w-separator size_custom\" style=\"height:48px\"><\/div><div class=\"w-gallery fit_cover type_metro_2 action_popup_image ratio_1x1 count_24\" style=\"--columns:4;--items-gap:10px;\"><div class=\"w-gallery-list\"><div class=\"w-gallery-item\"><div class=\"w-gallery-item-img\"><img loading=\"lazy\" decoding=\"async\" width=\"600\" height=\"900\" src=\"https:\/\/www.elpedregoso.com\/wp-content\/uploads\/2024\/10\/El-Pedregoso-Flights-Lodge-12.jpg\" class=\"attachment-large size-large\" alt=\"\" srcset=\"https:\/\/www.elpedregoso.com\/wp-content\/uploads\/2024\/10\/El-Pedregoso-Flights-Lodge-12.jpg 600w, https:\/\/www.elpedregoso.com\/wp-content\/uploads\/2024\/10\/El-Pedregoso-Flights-Lodge-12-200x300.jpg 200w\" sizes=\"auto, (max-width: 600px) 100vw, 600px\" \/><\/div><a class=\"w-gallery-item-link\" aria-label=\"El-Pedregoso-Flights-&amp;-Lodge-12\" href=\"https:\/\/www.elpedregoso.com\/wp-content\/uploads\/2024\/10\/El-Pedregoso-Flights-Lodge-12.jpg\"><\/a><\/div><div class=\"w-gallery-item\"><div class=\"w-gallery-item-img\"><img loading=\"lazy\" decoding=\"async\" width=\"900\" height=\"600\" src=\"https:\/\/www.elpedregoso.com\/wp-content\/uploads\/2024\/10\/El-Pedregoso-Flights-Lodge-11.jpg\" class=\"attachment-large size-large\" alt=\"\" srcset=\"https:\/\/www.elpedregoso.com\/wp-content\/uploads\/2024\/10\/El-Pedregoso-Flights-Lodge-11.jpg 900w, https:\/\/www.elpedregoso.com\/wp-content\/uploads\/2024\/10\/El-Pedregoso-Flights-Lodge-11-300x200.jpg 300w\" sizes=\"auto, (max-width: 900px) 100vw, 900px\" \/><\/div><a class=\"w-gallery-item-link\" aria-label=\"El Pedregoso Flights &amp; Lodge-11\" href=\"https:\/\/www.elpedregoso.com\/wp-content\/uploads\/2024\/10\/El-Pedregoso-Flights-Lodge-11.jpg\"><\/a><\/div><div class=\"w-gallery-item\"><div class=\"w-gallery-item-img\"><img loading=\"lazy\" decoding=\"async\" width=\"736\" height=\"900\" src=\"https:\/\/www.elpedregoso.com\/wp-content\/uploads\/2024\/10\/El-Pedregoso-Flights-Lodge-10.jpg\" class=\"attachment-large size-large\" alt=\"\" srcset=\"https:\/\/www.elpedregoso.com\/wp-content\/uploads\/2024\/10\/El-Pedregoso-Flights-Lodge-10.jpg 736w, https:\/\/www.elpedregoso.com\/wp-content\/uploads\/2024\/10\/El-Pedregoso-Flights-Lodge-10-245x300.jpg 245w\" sizes=\"auto, (max-width: 736px) 100vw, 736px\" \/><\/div><a class=\"w-gallery-item-link\" aria-label=\"El Pedregoso Flights &amp; Lodge-10\" href=\"https:\/\/www.elpedregoso.com\/wp-content\/uploads\/2024\/10\/El-Pedregoso-Flights-Lodge-10.jpg\"><\/a><\/div><div class=\"w-gallery-item\"><div class=\"w-gallery-item-img\"><img loading=\"lazy\" decoding=\"async\" width=\"620\" height=\"900\" src=\"https:\/\/www.elpedregoso.com\/wp-content\/uploads\/2024\/10\/El-Pedregoso-Flights-Lodge-09.jpg\" class=\"attachment-large size-large\" alt=\"\" srcset=\"https:\/\/www.elpedregoso.com\/wp-content\/uploads\/2024\/10\/El-Pedregoso-Flights-Lodge-09.jpg 620w, https:\/\/www.elpedregoso.com\/wp-content\/uploads\/2024\/10\/El-Pedregoso-Flights-Lodge-09-207x300.jpg 207w\" sizes=\"auto, (max-width: 620px) 100vw, 620px\" \/><\/div><a class=\"w-gallery-item-link\" aria-label=\"El Pedregoso Flights &amp; Lodge-09\" href=\"https:\/\/www.elpedregoso.com\/wp-content\/uploads\/2024\/10\/El-Pedregoso-Flights-Lodge-09.jpg\"><\/a><\/div><div class=\"w-gallery-item\"><div class=\"w-gallery-item-img\"><img loading=\"lazy\" decoding=\"async\" width=\"601\" height=\"900\" src=\"https:\/\/www.elpedregoso.com\/wp-content\/uploads\/2024\/10\/El-Pedregoso-Flights-Lodge-08.jpg\" class=\"attachment-large size-large\" alt=\"\" srcset=\"https:\/\/www.elpedregoso.com\/wp-content\/uploads\/2024\/10\/El-Pedregoso-Flights-Lodge-08.jpg 601w, https:\/\/www.elpedregoso.com\/wp-content\/uploads\/2024\/10\/El-Pedregoso-Flights-Lodge-08-200x300.jpg 200w\" sizes=\"auto, (max-width: 601px) 100vw, 601px\" \/><\/div><a class=\"w-gallery-item-link\" aria-label=\"El Pedregoso Flights &amp; Lodge-08\" href=\"https:\/\/www.elpedregoso.com\/wp-content\/uploads\/2024\/10\/El-Pedregoso-Flights-Lodge-08.jpg\"><\/a><\/div><div class=\"w-gallery-item\"><div class=\"w-gallery-item-img\"><img loading=\"lazy\" decoding=\"async\" width=\"621\" height=\"900\" src=\"https:\/\/www.elpedregoso.com\/wp-content\/uploads\/2024\/10\/El-Pedregoso-Flights-Lodge-07.jpg\" class=\"attachment-large size-large\" alt=\"\" srcset=\"https:\/\/www.elpedregoso.com\/wp-content\/uploads\/2024\/10\/El-Pedregoso-Flights-Lodge-07.jpg 621w, https:\/\/www.elpedregoso.com\/wp-content\/uploads\/2024\/10\/El-Pedregoso-Flights-Lodge-07-207x300.jpg 207w\" sizes=\"auto, (max-width: 621px) 100vw, 621px\" \/><\/div><a class=\"w-gallery-item-link\" aria-label=\"El Pedregoso Flights &amp; Lodge-07\" href=\"https:\/\/www.elpedregoso.com\/wp-content\/uploads\/2024\/10\/El-Pedregoso-Flights-Lodge-07.jpg\"><\/a><\/div><div class=\"w-gallery-item\"><div class=\"w-gallery-item-img\"><img loading=\"lazy\" decoding=\"async\" width=\"638\" height=\"900\" src=\"https:\/\/www.elpedregoso.com\/wp-content\/uploads\/2024\/10\/El-Pedregoso-Flights-Lodge-05.jpg\" class=\"attachment-large size-large\" alt=\"\" srcset=\"https:\/\/www.elpedregoso.com\/wp-content\/uploads\/2024\/10\/El-Pedregoso-Flights-Lodge-05.jpg 638w, https:\/\/www.elpedregoso.com\/wp-content\/uploads\/2024\/10\/El-Pedregoso-Flights-Lodge-05-213x300.jpg 213w\" sizes=\"auto, (max-width: 638px) 100vw, 638px\" \/><\/div><a class=\"w-gallery-item-link\" aria-label=\"El Pedregoso Flights &amp; Lodge-05\" href=\"https:\/\/www.elpedregoso.com\/wp-content\/uploads\/2024\/10\/El-Pedregoso-Flights-Lodge-05.jpg\"><\/a><\/div><div class=\"w-gallery-item\"><div class=\"w-gallery-item-img\"><img loading=\"lazy\" decoding=\"async\" width=\"900\" height=\"630\" src=\"https:\/\/www.elpedregoso.com\/wp-content\/uploads\/2024\/10\/El-Pedregoso-Flights-Lodge-04.jpg\" class=\"attachment-large size-large\" alt=\"\" srcset=\"https:\/\/www.elpedregoso.com\/wp-content\/uploads\/2024\/10\/El-Pedregoso-Flights-Lodge-04.jpg 900w, https:\/\/www.elpedregoso.com\/wp-content\/uploads\/2024\/10\/El-Pedregoso-Flights-Lodge-04-300x210.jpg 300w\" sizes=\"auto, (max-width: 900px) 100vw, 900px\" \/><\/div><a class=\"w-gallery-item-link\" aria-label=\"El Pedregoso Flights &amp; Lodge-04\" href=\"https:\/\/www.elpedregoso.com\/wp-content\/uploads\/2024\/10\/El-Pedregoso-Flights-Lodge-04.jpg\"><\/a><\/div><div class=\"w-gallery-item\"><div class=\"w-gallery-item-img\"><img loading=\"lazy\" decoding=\"async\" width=\"600\" height=\"900\" src=\"https:\/\/www.elpedregoso.com\/wp-content\/uploads\/2024\/10\/El-Pedregoso-Flights-Lodge-03.jpg\" class=\"attachment-large size-large\" alt=\"\" srcset=\"https:\/\/www.elpedregoso.com\/wp-content\/uploads\/2024\/10\/El-Pedregoso-Flights-Lodge-03.jpg 600w, https:\/\/www.elpedregoso.com\/wp-content\/uploads\/2024\/10\/El-Pedregoso-Flights-Lodge-03-200x300.jpg 200w\" sizes=\"auto, (max-width: 600px) 100vw, 600px\" \/><\/div><a class=\"w-gallery-item-link\" aria-label=\"El Pedregoso Flights &amp; Lodge-03\" href=\"https:\/\/www.elpedregoso.com\/wp-content\/uploads\/2024\/10\/El-Pedregoso-Flights-Lodge-03.jpg\"><\/a><\/div><div class=\"w-gallery-item\"><div class=\"w-gallery-item-img\"><img loading=\"lazy\" decoding=\"async\" width=\"600\" height=\"900\" src=\"https:\/\/www.elpedregoso.com\/wp-content\/uploads\/2024\/10\/El-Pedregoso-Flights-Lodge-02.jpg\" class=\"attachment-large size-large\" alt=\"\" srcset=\"https:\/\/www.elpedregoso.com\/wp-content\/uploads\/2024\/10\/El-Pedregoso-Flights-Lodge-02.jpg 600w, https:\/\/www.elpedregoso.com\/wp-content\/uploads\/2024\/10\/El-Pedregoso-Flights-Lodge-02-200x300.jpg 200w\" sizes=\"auto, (max-width: 600px) 100vw, 600px\" \/><\/div><a class=\"w-gallery-item-link\" aria-label=\"El Pedregoso Flights &amp; Lodge-02\" href=\"https:\/\/www.elpedregoso.com\/wp-content\/uploads\/2024\/10\/El-Pedregoso-Flights-Lodge-02.jpg\"><\/a><\/div><div class=\"w-gallery-item\"><div class=\"w-gallery-item-img\"><img loading=\"lazy\" decoding=\"async\" width=\"900\" height=\"600\" src=\"https:\/\/www.elpedregoso.com\/wp-content\/uploads\/2024\/10\/El-Pedregoso-Flights-Lodge-01.jpg\" class=\"attachment-large size-large\" alt=\"\" srcset=\"https:\/\/www.elpedregoso.com\/wp-content\/uploads\/2024\/10\/El-Pedregoso-Flights-Lodge-01.jpg 900w, https:\/\/www.elpedregoso.com\/wp-content\/uploads\/2024\/10\/El-Pedregoso-Flights-Lodge-01-300x200.jpg 300w\" sizes=\"auto, (max-width: 900px) 100vw, 900px\" \/><\/div><a class=\"w-gallery-item-link\" aria-label=\"El Pedregoso Flights &amp; Lodge-01\" href=\"https:\/\/www.elpedregoso.com\/wp-content\/uploads\/2024\/10\/El-Pedregoso-Flights-Lodge-01.jpg\"><\/a><\/div><div class=\"w-gallery-item\"><div class=\"w-gallery-item-img\"><img loading=\"lazy\" decoding=\"async\" width=\"900\" height=\"675\" src=\"https:\/\/www.elpedregoso.com\/wp-content\/uploads\/2024\/10\/El-Pedregoso-Casa-Amarilla-13.jpg\" class=\"attachment-large size-large\" alt=\"\" srcset=\"https:\/\/www.elpedregoso.com\/wp-content\/uploads\/2024\/10\/El-Pedregoso-Casa-Amarilla-13.jpg 900w, https:\/\/www.elpedregoso.com\/wp-content\/uploads\/2024\/10\/El-Pedregoso-Casa-Amarilla-13-300x225.jpg 300w\" sizes=\"auto, (max-width: 900px) 100vw, 900px\" \/><\/div><a class=\"w-gallery-item-link\" aria-label=\"El Pedregoso Casa Amarilla-13\" href=\"https:\/\/www.elpedregoso.com\/wp-content\/uploads\/2024\/10\/El-Pedregoso-Casa-Amarilla-13.jpg\"><\/a><\/div><div class=\"w-gallery-item\"><div class=\"w-gallery-item-img\"><img loading=\"lazy\" decoding=\"async\" width=\"900\" height=\"675\" src=\"https:\/\/www.elpedregoso.com\/wp-content\/uploads\/2024\/10\/El-Pedregoso-Casa-Amarilla-12.jpg\" class=\"attachment-large size-large\" alt=\"\" srcset=\"https:\/\/www.elpedregoso.com\/wp-content\/uploads\/2024\/10\/El-Pedregoso-Casa-Amarilla-12.jpg 900w, https:\/\/www.elpedregoso.com\/wp-content\/uploads\/2024\/10\/El-Pedregoso-Casa-Amarilla-12-300x225.jpg 300w\" sizes=\"auto, (max-width: 900px) 100vw, 900px\" \/><\/div><a class=\"w-gallery-item-link\" aria-label=\"El Pedregoso Casa Amarilla-12\" href=\"https:\/\/www.elpedregoso.com\/wp-content\/uploads\/2024\/10\/El-Pedregoso-Casa-Amarilla-12.jpg\"><\/a><\/div><div class=\"w-gallery-item\"><div class=\"w-gallery-item-img\"><img loading=\"lazy\" decoding=\"async\" width=\"900\" height=\"675\" src=\"https:\/\/www.elpedregoso.com\/wp-content\/uploads\/2024\/10\/El-Pedregoso-Casa-Amarilla-11.jpg\" class=\"attachment-large size-large\" alt=\"\" srcset=\"https:\/\/www.elpedregoso.com\/wp-content\/uploads\/2024\/10\/El-Pedregoso-Casa-Amarilla-11.jpg 900w, https:\/\/www.elpedregoso.com\/wp-content\/uploads\/2024\/10\/El-Pedregoso-Casa-Amarilla-11-300x225.jpg 300w\" sizes=\"auto, (max-width: 900px) 100vw, 900px\" \/><\/div><a class=\"w-gallery-item-link\" aria-label=\"El Pedregoso Casa Amarilla-11\" href=\"https:\/\/www.elpedregoso.com\/wp-content\/uploads\/2024\/10\/El-Pedregoso-Casa-Amarilla-11.jpg\"><\/a><\/div><div class=\"w-gallery-item\"><div class=\"w-gallery-item-img\"><img loading=\"lazy\" decoding=\"async\" width=\"675\" height=\"900\" src=\"https:\/\/www.elpedregoso.com\/wp-content\/uploads\/2024\/10\/El-Pedregoso-Casa-Amarilla-10.jpg\" class=\"attachment-large size-large\" alt=\"\" srcset=\"https:\/\/www.elpedregoso.com\/wp-content\/uploads\/2024\/10\/El-Pedregoso-Casa-Amarilla-10.jpg 675w, https:\/\/www.elpedregoso.com\/wp-content\/uploads\/2024\/10\/El-Pedregoso-Casa-Amarilla-10-225x300.jpg 225w\" sizes=\"auto, (max-width: 675px) 100vw, 675px\" \/><\/div><a class=\"w-gallery-item-link\" aria-label=\"El Pedregoso Casa Amarilla-10\" href=\"https:\/\/www.elpedregoso.com\/wp-content\/uploads\/2024\/10\/El-Pedregoso-Casa-Amarilla-10.jpg\"><\/a><\/div><div class=\"w-gallery-item\"><div class=\"w-gallery-item-img\"><img loading=\"lazy\" decoding=\"async\" width=\"900\" height=\"675\" src=\"https:\/\/www.elpedregoso.com\/wp-content\/uploads\/2024\/10\/El-Pedregoso-Casa-Amarilla-09.jpg\" class=\"attachment-large size-large\" alt=\"\" srcset=\"https:\/\/www.elpedregoso.com\/wp-content\/uploads\/2024\/10\/El-Pedregoso-Casa-Amarilla-09.jpg 900w, https:\/\/www.elpedregoso.com\/wp-content\/uploads\/2024\/10\/El-Pedregoso-Casa-Amarilla-09-300x225.jpg 300w\" sizes=\"auto, (max-width: 900px) 100vw, 900px\" \/><\/div><a class=\"w-gallery-item-link\" aria-label=\"El Pedregoso Casa Amarilla-09\" href=\"https:\/\/www.elpedregoso.com\/wp-content\/uploads\/2024\/10\/El-Pedregoso-Casa-Amarilla-09.jpg\"><\/a><\/div><div class=\"w-gallery-item\"><div class=\"w-gallery-item-img\"><img loading=\"lazy\" decoding=\"async\" width=\"900\" height=\"675\" src=\"https:\/\/www.elpedregoso.com\/wp-content\/uploads\/2024\/10\/El-Pedregoso-Casa-Amarilla-08.jpg\" class=\"attachment-large size-large\" alt=\"\" srcset=\"https:\/\/www.elpedregoso.com\/wp-content\/uploads\/2024\/10\/El-Pedregoso-Casa-Amarilla-08.jpg 900w, https:\/\/www.elpedregoso.com\/wp-content\/uploads\/2024\/10\/El-Pedregoso-Casa-Amarilla-08-300x225.jpg 300w\" sizes=\"auto, (max-width: 900px) 100vw, 900px\" \/><\/div><a class=\"w-gallery-item-link\" aria-label=\"El Pedregoso Casa Amarilla-08\" href=\"https:\/\/www.elpedregoso.com\/wp-content\/uploads\/2024\/10\/El-Pedregoso-Casa-Amarilla-08.jpg\"><\/a><\/div><div class=\"w-gallery-item\"><div class=\"w-gallery-item-img\"><img loading=\"lazy\" decoding=\"async\" width=\"600\" height=\"900\" src=\"https:\/\/www.elpedregoso.com\/wp-content\/uploads\/2024\/10\/El-Pedregoso-Casa-Amarilla-07.jpg\" class=\"attachment-large size-large\" alt=\"\" srcset=\"https:\/\/www.elpedregoso.com\/wp-content\/uploads\/2024\/10\/El-Pedregoso-Casa-Amarilla-07.jpg 600w, https:\/\/www.elpedregoso.com\/wp-content\/uploads\/2024\/10\/El-Pedregoso-Casa-Amarilla-07-200x300.jpg 200w\" sizes=\"auto, (max-width: 600px) 100vw, 600px\" \/><\/div><a class=\"w-gallery-item-link\" aria-label=\"El Pedregoso Casa Amarilla-07\" href=\"https:\/\/www.elpedregoso.com\/wp-content\/uploads\/2024\/10\/El-Pedregoso-Casa-Amarilla-07.jpg\"><\/a><\/div><div class=\"w-gallery-item\"><div class=\"w-gallery-item-img\"><img loading=\"lazy\" decoding=\"async\" width=\"600\" height=\"900\" src=\"https:\/\/www.elpedregoso.com\/wp-content\/uploads\/2024\/10\/El-Pedregoso-Casa-Amarilla-06.jpg\" class=\"attachment-large size-large\" alt=\"\" srcset=\"https:\/\/www.elpedregoso.com\/wp-content\/uploads\/2024\/10\/El-Pedregoso-Casa-Amarilla-06.jpg 600w, https:\/\/www.elpedregoso.com\/wp-content\/uploads\/2024\/10\/El-Pedregoso-Casa-Amarilla-06-200x300.jpg 200w\" sizes=\"auto, (max-width: 600px) 100vw, 600px\" \/><\/div><a class=\"w-gallery-item-link\" aria-label=\"El Pedregoso Casa Amarilla-06\" href=\"https:\/\/www.elpedregoso.com\/wp-content\/uploads\/2024\/10\/El-Pedregoso-Casa-Amarilla-06.jpg\"><\/a><\/div><div class=\"w-gallery-item\"><div class=\"w-gallery-item-img\"><img loading=\"lazy\" decoding=\"async\" width=\"610\" height=\"900\" src=\"https:\/\/www.elpedregoso.com\/wp-content\/uploads\/2024\/10\/El-Pedregoso-Casa-Amarilla-05.jpg\" class=\"attachment-large size-large\" alt=\"\" srcset=\"https:\/\/www.elpedregoso.com\/wp-content\/uploads\/2024\/10\/El-Pedregoso-Casa-Amarilla-05.jpg 610w, https:\/\/www.elpedregoso.com\/wp-content\/uploads\/2024\/10\/El-Pedregoso-Casa-Amarilla-05-203x300.jpg 203w\" sizes=\"auto, (max-width: 610px) 100vw, 610px\" \/><\/div><a class=\"w-gallery-item-link\" aria-label=\"El Pedregoso Casa Amarilla-05\" href=\"https:\/\/www.elpedregoso.com\/wp-content\/uploads\/2024\/10\/El-Pedregoso-Casa-Amarilla-05.jpg\"><\/a><\/div><div class=\"w-gallery-item\"><div class=\"w-gallery-item-img\"><img loading=\"lazy\" decoding=\"async\" width=\"600\" height=\"900\" src=\"https:\/\/www.elpedregoso.com\/wp-content\/uploads\/2024\/10\/El-Pedregoso-Casa-Amarilla-04.jpg\" class=\"attachment-large size-large\" alt=\"\" srcset=\"https:\/\/www.elpedregoso.com\/wp-content\/uploads\/2024\/10\/El-Pedregoso-Casa-Amarilla-04.jpg 600w, https:\/\/www.elpedregoso.com\/wp-content\/uploads\/2024\/10\/El-Pedregoso-Casa-Amarilla-04-200x300.jpg 200w\" sizes=\"auto, (max-width: 600px) 100vw, 600px\" \/><\/div><a class=\"w-gallery-item-link\" aria-label=\"El Pedregoso Casa Amarilla-04\" href=\"https:\/\/www.elpedregoso.com\/wp-content\/uploads\/2024\/10\/El-Pedregoso-Casa-Amarilla-04.jpg\"><\/a><\/div><div class=\"w-gallery-item\"><div class=\"w-gallery-item-img\"><img loading=\"lazy\" decoding=\"async\" width=\"600\" height=\"900\" src=\"https:\/\/www.elpedregoso.com\/wp-content\/uploads\/2024\/10\/El-Pedregoso-Casa-Amarilla-03.jpg\" class=\"attachment-large size-large\" alt=\"\" srcset=\"https:\/\/www.elpedregoso.com\/wp-content\/uploads\/2024\/10\/El-Pedregoso-Casa-Amarilla-03.jpg 600w, https:\/\/www.elpedregoso.com\/wp-content\/uploads\/2024\/10\/El-Pedregoso-Casa-Amarilla-03-200x300.jpg 200w\" sizes=\"auto, (max-width: 600px) 100vw, 600px\" \/><\/div><a class=\"w-gallery-item-link\" aria-label=\"El Pedregoso Casa Amarilla-03\" href=\"https:\/\/www.elpedregoso.com\/wp-content\/uploads\/2024\/10\/El-Pedregoso-Casa-Amarilla-03.jpg\"><\/a><\/div><div class=\"w-gallery-item\"><div class=\"w-gallery-item-img\"><img loading=\"lazy\" decoding=\"async\" width=\"900\" height=\"600\" src=\"https:\/\/www.elpedregoso.com\/wp-content\/uploads\/2024\/10\/El-Pedregoso-Casa-Amarilla-02.jpg\" class=\"attachment-large size-large\" alt=\"\" srcset=\"https:\/\/www.elpedregoso.com\/wp-content\/uploads\/2024\/10\/El-Pedregoso-Casa-Amarilla-02.jpg 900w, https:\/\/www.elpedregoso.com\/wp-content\/uploads\/2024\/10\/El-Pedregoso-Casa-Amarilla-02-300x200.jpg 300w\" sizes=\"auto, (max-width: 900px) 100vw, 900px\" \/><\/div><a class=\"w-gallery-item-link\" aria-label=\"El Pedregoso Casa Amarilla-02\" href=\"https:\/\/www.elpedregoso.com\/wp-content\/uploads\/2024\/10\/El-Pedregoso-Casa-Amarilla-02.jpg\"><\/a><\/div><div class=\"w-gallery-item\"><div class=\"w-gallery-item-img\"><img loading=\"lazy\" decoding=\"async\" width=\"597\" height=\"900\" src=\"https:\/\/www.elpedregoso.com\/wp-content\/uploads\/2024\/10\/El-Pedregoso-Casa-Amarilla-01.jpg\" class=\"attachment-large size-large\" alt=\"\" srcset=\"https:\/\/www.elpedregoso.com\/wp-content\/uploads\/2024\/10\/El-Pedregoso-Casa-Amarilla-01.jpg 597w, https:\/\/www.elpedregoso.com\/wp-content\/uploads\/2024\/10\/El-Pedregoso-Casa-Amarilla-01-199x300.jpg 199w\" sizes=\"auto, (max-width: 597px) 100vw, 597px\" \/><\/div><a class=\"w-gallery-item-link\" aria-label=\"El Pedregoso Casa Amarilla-01\" href=\"https:\/\/www.elpedregoso.com\/wp-content\/uploads\/2024\/10\/El-Pedregoso-Casa-Amarilla-01.jpg\"><\/a><\/div><\/div><\/div><\/div><\/div><\/div><\/div><\/div><\/section>\n","protected":false},"excerpt":{"rendered":"Galer\u00eda de Fotos&lt;br&gt;Descubre los impresionantes paisajes, acogedoras instalaciones y experiencias inolvidables de El Pedregoso a trav\u00e9s de nuestra galer\u00eda de fotos. Cada imagen captura la esencia de la Patagonia, invit\u00e1ndote a sumergirte en la belleza natural y el encanto de nuestras hoster\u00edas.","protected":false},"author":2,"featured_media":0,"parent":0,"menu_order":0,"comment_status":"closed","ping_status":"closed","template":"","meta":{"footnotes":""},"class_list":["post-2371","page","type-page","status-publish","hentry"],"_links":{"self":[{"href":"https:\/\/www.elpedregoso.com\/es\/wp-json\/wp\/v2\/pages\/2371","targetHints":{"allow":["GET"]}}],"collection":[{"href":"https:\/\/www.elpedregoso.com\/es\/wp-json\/wp\/v2\/pages"}],"about":[{"href":"https:\/\/www.elpedregoso.com\/es\/wp-json\/wp\/v2\/types\/page"}],"author":[{"embeddable":true,"href":"https:\/\/www.elpedregoso.com\/es\/wp-json\/wp\/v2\/users\/2"}],"replies":[{"embeddable":true,"href":"https:\/\/www.elpedregoso.com\/es\/wp-json\/wp\/v2\/comments?post=2371"}],"version-history":[{"count":2,"href":"https:\/\/www.elpedregoso.com\/es\/wp-json\/wp\/v2\/pages\/2371\/revisions"}],"predecessor-version":[{"id":2373,"href":"https:\/\/www.elpedregoso.com\/es\/wp-json\/wp\/v2\/pages\/2371\/revisions\/2373"}],"wp:attachment":[{"href":"https:\/\/www.elpedregoso.com\/es\/wp-json\/wp\/v2\/media?parent=2371"}],"curies":[{"name":"wp","href":"https:\/\/api.w.org\/{rel}","templated":true}]}}